{"id":277,"date":"2020-12-08T09:08:52","date_gmt":"2020-12-08T09:08:52","guid":{"rendered":"https:\/\/christaskoett.dk\/?page_id=277"},"modified":"2026-01-14T10:39:57","modified_gmt":"2026-01-14T10:39:57","slug":"firmakunst","status":"publish","type":"page","link":"https:\/\/christaskoett.dk\/index.php\/firmakunst\/","title":{"rendered":"Firmakunst"},"content":{"rendered":"\t\t<div data-elementor-type=\"wp-page\" data-elementor-id=\"277\" class=\"elementor elementor-277\" data-elementor-post-type=\"page\">\n\t\t\t\t\t\t<section class=\"elementor-section elementor-top-section elementor-element elementor-element-eaaa79e elementor-section-full_width elementor-section-height-min-height elementor-section-items-stretch elementor-section-height-default\" data-id=\"eaaa79e\" data-element_type=\"section\" data-settings=\"{&quot;background_background&quot;:&quot;classic&quot;}\">\n\t\t\t\t\t\t<div class=\"elementor-container elementor-column-gap-default\">\n\t\t\t\t\t<div class=\"elementor-column elementor-col-100 elementor-top-column elementor-element elementor-element-2643076\" data-id=\"2643076\" data-element_type=\"column\">\n\t\t\t<div class=\"elementor-widget-wrap elementor-element-populated\">\n\t\t\t\t\t\t<div class=\"elementor-element elementor-element-ea2c364 elementor-widget elementor-widget-heading\" data-id=\"ea2c364\" data-element_type=\"widget\" data-widget_type=\"heading.default\">\n\t\t\t\t<div class=\"elementor-widget-container\">\n\t\t\t\t\t<h2 class=\"elementor-heading-title elementor-size-default\">Kunst p\u00e5 arbejdspladsen<\/h2>\t\t\t\t<\/div>\n\t\t\t\t<\/div>\n\t\t\t\t<section class=\"elementor-section elementor-inner-section elementor-element elementor-element-efbce04 elementor-section-boxed elementor-section-height-default elementor-section-height-default\" data-id=\"efbce04\" data-element_type=\"section\">\n\t\t\t\t\t\t<div class=\"elementor-container elementor-column-gap-default\">\n\t\t\t\t\t<div class=\"elementor-column elementor-col-50 elementor-inner-column elementor-element elementor-element-d9514cf\" data-id=\"d9514cf\" data-element_type=\"column\">\n\t\t\t<div class=\"elementor-widget-wrap elementor-element-populated\">\n\t\t\t\t\t\t<div class=\"elementor-element elementor-element-462d392 elementor-widget elementor-widget-text-editor\" data-id=\"462d392\" data-element_type=\"widget\" data-widget_type=\"text-editor.default\">\n\t\t\t\t<div class=\"elementor-widget-container\">\n\t\t\t\t\t\t\t\t\t<p><strong>Kunst p\u00e5 arbejdspladsen<\/strong><\/p><ul><li>Spreder gl\u00e6de<\/li><li>Fremmer kreativiteten<\/li><li>\u00d8ger motivationen<\/li><li>Skaber ny energi<\/li><li>Giver god stemning<\/li><li>Inspirerer ved l\u00f8sning af opgaver<\/li><li>Udstr\u00e5ler overskud<\/li><li>Skaber opm\u00e6rksomhed<\/li><\/ul><p><strong>Endvidere styrker indretning med kunst virksomhedens branding overfor:<\/strong><\/p><ul><li>kunder<\/li><li>samarbejdspartnere<\/li><li>leverand\u00f8rer<\/li><li>organisationer<\/li><li>medarbejderne<\/li><\/ul><p><strong>Virksomheders k\u00f8b af kunst, op til kr. 34.400, kan straks tr\u00e6kkes fra i skat<\/strong><\/p><p>Kontakt mig p\u00e5 tlf. 21 92 77 89 eller\u00a0<a href=\"mailto:christaskott@gmail.com\">christaskott@gmail.com<\/a><\/p><p><strong>Ogs\u00e5 for kunstforeninger<\/strong><\/p><p>Jeg udstiller gerne i personale-kunstforeninger &#8211; ring eller skriv for n\u00e6rmere aftale.<\/p>\t\t\t\t\t\t\t\t<\/div>\n\t\t\t\t<\/div>\n\t\t\t\t\t<\/div>\n\t\t<\/div>\n\t\t\t\t<div class=\"elementor-column elementor-col-50 elementor-inner-column elementor-element elementor-element-5e3d23e\" data-id=\"5e3d23e\" data-element_type=\"column\">\n\t\t\t<div class=\"elementor-widget-wrap elementor-element-populated\">\n\t\t\t\t\t\t<div class=\"elementor-element elementor-element-a456128 elementor-widget elementor-widget-image\" data-id=\"a456128\" data-element_type=\"widget\" data-widget_type=\"image.default\">\n\t\t\t\t<div class=\"elementor-widget-container\">\n\t\t\t\t\t\t\t\t\t\t\t\t\t\t\t<img fetchpriority=\"high\" decoding=\"async\" width=\"800\" height=\"600\" src=\"https:\/\/christaskoett.dk\/wp-content\/uploads\/2022\/11\/IMG_20221017_092236-1024x768.jpg\" class=\"attachment-large size-large wp-image-1724\" alt=\"\" srcset=\"https:\/\/christaskoett.dk\/wp-content\/uploads\/2022\/11\/IMG_20221017_092236-1024x768.jpg 1024w, https:\/\/christaskoett.dk\/wp-content\/uploads\/2022\/11\/IMG_20221017_092236-300x225.jpg 300w, https:\/\/christaskoett.dk\/wp-content\/uploads\/2022\/11\/IMG_20221017_092236-768x576.jpg 768w, https:\/\/christaskoett.dk\/wp-content\/uploads\/2022\/11\/IMG_20221017_092236-1536x1152.jpg 1536w, https:\/\/christaskoett.dk\/wp-content\/uploads\/2022\/11\/IMG_20221017_092236-2048x1536.jpg 2048w\" sizes=\"(max-width: 800px) 100vw, 800px\" \/>\t\t\t\t\t\t\t\t\t\t\t\t\t\t\t<\/div>\n\t\t\t\t<\/div>\n\t\t\t\t\t<\/div>\n\t\t<\/div>\n\t\t\t\t\t<\/div>\n\t\t<\/section>\n\t\t\t\t<section class=\"elementor-section elementor-inner-section elementor-element elementor-element-77869eb elementor-section-boxed elementor-section-height-default elementor-section-height-default\" data-id=\"77869eb\" data-element_type=\"section\">\n\t\t\t\t\t\t<div class=\"elementor-container elementor-column-gap-default\">\n\t\t\t\t\t<div class=\"elementor-column elementor-col-25 elementor-inner-column elementor-element elementor-element-9251563\" data-id=\"9251563\" data-element_type=\"column\">\n\t\t\t<div class=\"elementor-widget-wrap elementor-element-populated\">\n\t\t\t\t\t\t<div class=\"elementor-element elementor-element-75e3c12 elementor-widget elementor-widget-image\" data-id=\"75e3c12\" data-element_type=\"widget\" data-widget_type=\"image.default\">\n\t\t\t\t<div class=\"elementor-widget-container\">\n\t\t\t\t\t\t\t\t\t\t\t\t\t\t\t\t<a href=\"https:\/\/christaskoett.dk\/wp-content\/uploads\/2022\/09\/IMG_20220912_112835-scaled.jpg\" data-elementor-open-lightbox=\"yes\" data-elementor-lightbox-title=\"IMG_20220912_112835\" data-e-action-hash=\"#elementor-action%3Aaction%3Dlightbox%26settings%3DeyJpZCI6MTU4MCwidXJsIjoiaHR0cHM6XC9cL2NocmlzdGFza29ldHQuZGtcL3dwLWNvbnRlbnRcL3VwbG9hZHNcLzIwMjJcLzA5XC9JTUdfMjAyMjA5MTJfMTEyODM1LXNjYWxlZC5qcGcifQ%3D%3D\">\n\t\t\t\t\t\t\t<img decoding=\"async\" width=\"800\" height=\"600\" src=\"https:\/\/christaskoett.dk\/wp-content\/uploads\/2022\/09\/IMG_20220912_112835-1024x768.jpg\" class=\"attachment-large size-large wp-image-1580\" alt=\"\" srcset=\"https:\/\/christaskoett.dk\/wp-content\/uploads\/2022\/09\/IMG_20220912_112835-1024x768.jpg 1024w, https:\/\/christaskoett.dk\/wp-content\/uploads\/2022\/09\/IMG_20220912_112835-300x225.jpg 300w, https:\/\/christaskoett.dk\/wp-content\/uploads\/2022\/09\/IMG_20220912_112835-768x576.jpg 768w, https:\/\/christaskoett.dk\/wp-content\/uploads\/2022\/09\/IMG_20220912_112835-1536x1152.jpg 1536w, https:\/\/christaskoett.dk\/wp-content\/uploads\/2022\/09\/IMG_20220912_112835-2048x1536.jpg 2048w\" sizes=\"(max-width: 800px) 100vw, 800px\" \/>\t\t\t\t\t\t\t\t<\/a>\n\t\t\t\t\t\t\t\t\t\t\t\t\t\t\t<\/div>\n\t\t\t\t<\/div>\n\t\t\t\t\t<\/div>\n\t\t<\/div>\n\t\t\t\t<div class=\"elementor-column elementor-col-25 elementor-inner-column elementor-element elementor-element-6bd60b1\" data-id=\"6bd60b1\" data-element_type=\"column\">\n\t\t\t<div class=\"elementor-widget-wrap elementor-element-populated\">\n\t\t\t\t\t\t<div class=\"elementor-element elementor-element-f56f2f1 elementor-widget elementor-widget-image\" data-id=\"f56f2f1\" data-element_type=\"widget\" data-widget_type=\"image.default\">\n\t\t\t\t<div class=\"elementor-widget-container\">\n\t\t\t\t\t\t\t\t\t\t\t\t\t\t\t\t<a href=\"https:\/\/christaskoett.dk\/wp-content\/uploads\/2022\/09\/IMG_20220912_101415-2-scaled.jpg\" data-elementor-open-lightbox=\"yes\" data-elementor-lightbox-title=\"IMG_20220912_101415 (2)\" data-e-action-hash=\"#elementor-action%3Aaction%3Dlightbox%26settings%3DeyJpZCI6MTU4MSwidXJsIjoiaHR0cHM6XC9cL2NocmlzdGFza29ldHQuZGtcL3dwLWNvbnRlbnRcL3VwbG9hZHNcLzIwMjJcLzA5XC9JTUdfMjAyMjA5MTJfMTAxNDE1LTItc2NhbGVkLmpwZyJ9\">\n\t\t\t\t\t\t\t<img decoding=\"async\" width=\"800\" height=\"570\" src=\"https:\/\/christaskoett.dk\/wp-content\/uploads\/2022\/09\/IMG_20220912_101415-2-1024x730.jpg\" class=\"attachment-large size-large wp-image-1581\" alt=\"\" srcset=\"https:\/\/christaskoett.dk\/wp-content\/uploads\/2022\/09\/IMG_20220912_101415-2-1024x730.jpg 1024w, https:\/\/christaskoett.dk\/wp-content\/uploads\/2022\/09\/IMG_20220912_101415-2-300x214.jpg 300w, https:\/\/christaskoett.dk\/wp-content\/uploads\/2022\/09\/IMG_20220912_101415-2-768x548.jpg 768w, https:\/\/christaskoett.dk\/wp-content\/uploads\/2022\/09\/IMG_20220912_101415-2-1536x1095.jpg 1536w, https:\/\/christaskoett.dk\/wp-content\/uploads\/2022\/09\/IMG_20220912_101415-2-2048x1461.jpg 2048w\" sizes=\"(max-width: 800px) 100vw, 800px\" \/>\t\t\t\t\t\t\t\t<\/a>\n\t\t\t\t\t\t\t\t\t\t\t\t\t\t\t<\/div>\n\t\t\t\t<\/div>\n\t\t\t\t\t<\/div>\n\t\t<\/div>\n\t\t\t\t<div class=\"elementor-column elementor-col-25 elementor-inner-column elementor-element elementor-element-5ba3cb3\" data-id=\"5ba3cb3\" data-element_type=\"column\">\n\t\t\t<div class=\"elementor-widget-wrap elementor-element-populated\">\n\t\t\t\t\t\t<div class=\"elementor-element elementor-element-f714a56 elementor-widget elementor-widget-image\" data-id=\"f714a56\" data-element_type=\"widget\" data-widget_type=\"image.default\">\n\t\t\t\t<div class=\"elementor-widget-container\">\n\t\t\t\t\t\t\t\t\t\t\t\t\t\t\t\t<a href=\"https:\/\/christaskoett.dk\/wp-content\/uploads\/2023\/02\/IMG_20230131_085805-scaled.jpg\" data-elementor-open-lightbox=\"yes\" data-elementor-lightbox-title=\"IMG_20230131_085805\" data-e-action-hash=\"#elementor-action%3Aaction%3Dlightbox%26settings%3DeyJpZCI6MTgzNSwidXJsIjoiaHR0cHM6XC9cL2NocmlzdGFza29ldHQuZGtcL3dwLWNvbnRlbnRcL3VwbG9hZHNcLzIwMjNcLzAyXC9JTUdfMjAyMzAxMzFfMDg1ODA1LXNjYWxlZC5qcGcifQ%3D%3D\">\n\t\t\t\t\t\t\t<img loading=\"lazy\" decoding=\"async\" width=\"800\" height=\"600\" src=\"https:\/\/christaskoett.dk\/wp-content\/uploads\/2023\/02\/IMG_20230131_085805-1024x768.jpg\" class=\"attachment-large size-large wp-image-1835\" alt=\"\" srcset=\"https:\/\/christaskoett.dk\/wp-content\/uploads\/2023\/02\/IMG_20230131_085805-1024x768.jpg 1024w, https:\/\/christaskoett.dk\/wp-content\/uploads\/2023\/02\/IMG_20230131_085805-300x225.jpg 300w, https:\/\/christaskoett.dk\/wp-content\/uploads\/2023\/02\/IMG_20230131_085805-768x576.jpg 768w, https:\/\/christaskoett.dk\/wp-content\/uploads\/2023\/02\/IMG_20230131_085805-1536x1152.jpg 1536w, https:\/\/christaskoett.dk\/wp-content\/uploads\/2023\/02\/IMG_20230131_085805-2048x1536.jpg 2048w\" sizes=\"(max-width: 800px) 100vw, 800px\" \/>\t\t\t\t\t\t\t\t<\/a>\n\t\t\t\t\t\t\t\t\t\t\t\t\t\t\t<\/div>\n\t\t\t\t<\/div>\n\t\t\t\t\t<\/div>\n\t\t<\/div>\n\t\t\t\t<div class=\"elementor-column elementor-col-25 elementor-inner-column elementor-element elementor-element-215f5c6\" data-id=\"215f5c6\" data-element_type=\"column\">\n\t\t\t<div class=\"elementor-widget-wrap elementor-element-populated\">\n\t\t\t\t\t\t<div class=\"elementor-element elementor-element-1cb7e7a elementor-widget elementor-widget-image\" data-id=\"1cb7e7a\" data-element_type=\"widget\" data-widget_type=\"image.default\">\n\t\t\t\t<div class=\"elementor-widget-container\">\n\t\t\t\t\t\t\t\t\t\t\t\t\t\t\t\t<a href=\"https:\/\/christaskoett.dk\/wp-content\/uploads\/2022\/09\/IMG_20220912_101950-2-scaled.jpg\" data-elementor-open-lightbox=\"yes\" data-elementor-lightbox-title=\"IMG_20220912_101950 (2)\" data-e-action-hash=\"#elementor-action%3Aaction%3Dlightbox%26settings%3DeyJpZCI6MTU4NCwidXJsIjoiaHR0cHM6XC9cL2NocmlzdGFza29ldHQuZGtcL3dwLWNvbnRlbnRcL3VwbG9hZHNcLzIwMjJcLzA5XC9JTUdfMjAyMjA5MTJfMTAxOTUwLTItc2NhbGVkLmpwZyJ9\">\n\t\t\t\t\t\t\t<img loading=\"lazy\" decoding=\"async\" width=\"800\" height=\"496\" src=\"https:\/\/christaskoett.dk\/wp-content\/uploads\/2022\/09\/IMG_20220912_101950-2-1024x635.jpg\" class=\"attachment-large size-large wp-image-1584\" alt=\"\" srcset=\"https:\/\/christaskoett.dk\/wp-content\/uploads\/2022\/09\/IMG_20220912_101950-2-1024x635.jpg 1024w, https:\/\/christaskoett.dk\/wp-content\/uploads\/2022\/09\/IMG_20220912_101950-2-300x186.jpg 300w, https:\/\/christaskoett.dk\/wp-content\/uploads\/2022\/09\/IMG_20220912_101950-2-768x476.jpg 768w, https:\/\/christaskoett.dk\/wp-content\/uploads\/2022\/09\/IMG_20220912_101950-2-1536x953.jpg 1536w, https:\/\/christaskoett.dk\/wp-content\/uploads\/2022\/09\/IMG_20220912_101950-2-2048x1271.jpg 2048w\" sizes=\"(max-width: 800px) 100vw, 800px\" \/>\t\t\t\t\t\t\t\t<\/a>\n\t\t\t\t\t\t\t\t\t\t\t\t\t\t\t<\/div>\n\t\t\t\t<\/div>\n\t\t\t\t\t<\/div>\n\t\t<\/div>\n\t\t\t\t\t<\/div>\n\t\t<\/section>\n\t\t\t\t<div class=\"elementor-element elementor-element-cd84d68 elementor-widget elementor-widget-text-editor\" data-id=\"cd84d68\" data-element_type=\"widget\" data-widget_type=\"text-editor.default\">\n\t\t\t\t<div class=\"elementor-widget-container\">\n\t\t\t\t\t\t\t\t\t<p><strong>GODT KLIMA FOR DINE ANSATTE<\/strong><\/p><p>Pas godt p\u00e5 dine ansatte, de er virksomhedens st\u00f8rste aktiv \u2013 uden ansatte er arbejdspladsen kun en tom bygning!\u00a0<\/p><p><strong>Kunst p\u00e5 arbejdspladsen<\/strong><\/p><p>Exhausto i Langeskov er en virksomhed, der er meget bevidst om vigtigheden af medarbejdernes ve og vel. Her har man valgt at have skiftende kunstnere til at udstille.\u00a0<\/p><p>Kunst p\u00e5 arbejdspladsen spreder gl\u00e6de, fremmer kreativiteten og \u00f8ger motivationen. Kunst giver en god stemning, skaber ny energi og inspirerer ved l\u00f8sning af opgaver. Kunstv\u00e6rkerne udstilles i deres store lyse kantine, og udskiftes m\u00e5nedligt.<\/p><p>Personalepleje kan v\u00e6re mange ting \u2013 alle dog med til at skabe et godt arbejdsmilj\u00f8, der kan fastholde dygtige medarbejdere, og personalepleje betaler sig.<\/p><p><strong>Exhausto<\/strong><\/p><p>Exhausto A\/S i Langeskov arbejder med ventilationsl\u00f8sninger, der kan sikre et godt indeklima.<\/p><p>De arbejder med stor ansvarlighed for at skabe bedre indeklima og dermed forbedre menneskers fysiske sundhed og livskvalitet.<\/p><p>Er du bevidst om, at 90% af vores tid opholder vi os indend\u00f8rs?<\/p><p>Rigtig mange d\u00f8jer med allergi, luftvejsproblemer, s\u00f8vnl\u00f8shed osv. Dette kan ofte relateres til den luft vi ind\u00e5nder. Og det er jo b\u00e5de indeklimaet p\u00e5 arbejdspladser, i skoler og i hjemmet, vi skal v\u00e6re opm\u00e6rksomme p\u00e5.<\/p><p>Sundhed og velbefindende kan forbedres med klimavenlige og energieffektive l\u00f8sninger fra Exhausto.<\/p><p><strong>Kunstner Christa Sk\u00f8tt<\/strong><\/p><p>\u2019Jeg har udstillet hos Exhausto, hvor jeg blev taget professionelt imod af kunstforeningen. Man kunne tydelig m\u00e6rke, at de har stor erfaring med kunstudstillinger p\u00e5 stedet, b\u00e5de hvad ang\u00e5r selve opstillingen, men ogs\u00e5 sikring af v\u00e6rkerne, i den tid de befinder sig der.<\/p><p>Alt det praktiske omkring udstillingen forl\u00f8b hurtigt og professionelt.\u2019<\/p><p>\u2019Jeg er glad for, at jeg kan v\u00e6re med til at skabe gl\u00e6de med friske farver ude p\u00e5 vores lokale virksomheder.\u2019<\/p><p>\u2019Farver har stor betydning for vores mentale velv\u00e6re. B\u00e5de hum\u00f8r og f\u00f8lelser bliver p\u00e5virket af farverne omkring os, som derfor har afg\u00f8rende indflydelse p\u00e5 vores hverdag.\u2019<\/p><p>Christa Sk\u00f8tt udstiller ofte hos lokale firmaer i Nyborg og Kerteminde kommuner. Hun holder sig dog ikke kun til \u00d8stfyns omr\u00e5det, ogs\u00e5 firmaer i Odense og Svendborg kommuner har haft gl\u00e6de af hendes kunst, ligesom adskillige arbejdspladser i S\u00f8nderjylland.<\/p><p><strong>Tidligere udstillinger:<\/strong><\/p><p>Fladh\u00f8jskolen, R\u00f8dekro<\/p><p>Sparekassen L\u00f8gumkloster, R\u00f8dekro<\/p><p>Kristelig Fagforening, Aabenraa<\/p><p>Compass Congres Center, R\u00f8dekro<\/p><p>R\u00f8dekro Sundhedscenter, R\u00f8dekro<\/p><p>Kerteminde antenneforening, Kerteminde<\/p><p>Zoneterapeutskolen, Langeskov<\/p><p>Landbrugsbladet, Langeskov<\/p><p>Lokalforsikring, Kerteminde<\/p><p>Business House, Ullerslev<\/p><p>Nislevg\u00e5rd Efterskole, Otterup<\/p><p>S\u00f8lyst, Nyborg<\/p><p>Vandt\u00e5rnet, Nyborg<\/p><p>Ulrikka Garn, Nyborg<\/p><p>Huscompagniet Bellinge<\/p><p>Kino Vino, Nyborg<\/p><p>Ubberud Kultur- og Bev\u00e6gelsescentercenter<\/p><p>Total Truck, Langeskov<\/p><p>Gea Technologies, Ullerslev<\/p><p><a href=\"https:\/\/www.exhausto.dk\/\" target=\"_blank\" rel=\"noopener\">Exhausto, Langeskov<\/a><\/p><p><a href=\"https:\/\/www.sdu.dk\/da\" target=\"_blank\" rel=\"noopener\">Syddansk Universitet, Odense<\/a><\/p><p>Lions Kunstudstilling, Kerteminde<\/p><p><a href=\"https:\/\/www.energifyn.dk\/privat\/\" target=\"_blank\" rel=\"noopener\">Energi Fyn, Odense<\/a>\u00a0\u00a0<\/p><p><a href=\"https:\/\/albani.dk\/\" target=\"_blank\" rel=\"noopener\">Albani Bryggerierne, Odense<\/a><\/p><p><a href=\"https:\/\/www.orifarm.com\/\" target=\"_blank\" rel=\"noopener\">Orifarm, Odense<\/a><\/p><p><a href=\"https:\/\/dk.ecco.com\/da-DK\" target=\"_blank\" rel=\"noopener\">Ecco, Bredebro<\/a><\/p><p><a href=\"https:\/\/egn.com\/dk\/\" target=\"_blank\" rel=\"noopener\">EGN, Svendborg<\/a><\/p><p><a href=\"https:\/\/ken.dk\/\" target=\"_blank\" rel=\"noopener\">KEN, Broby<\/a>\u00a0<\/p><p><a href=\"https:\/\/patriotisk.dk\/\" target=\"_blank\" rel=\"noopener\">Patriotisk Selskab, Odense<\/a><\/p><p><a href=\"https:\/\/www.facebook.com\/profile.php?id=100084189877203\" target=\"_blank\" rel=\"noopener\">Rosenhuset\/ Tanishas, Stenstrup<\/a><\/p><p><a href=\"https:\/\/www.kiilto.dk\/\" target=\"_blank\" rel=\"noopener\">Kiilto, Assens<\/a><\/p><p><a href=\"https:\/\/sef.dk\/\" target=\"_blank\" rel=\"noopener\">SEF, Svendborg<\/a><\/p><p><strong>Jubil\u00e6um?\u00a0 Reception?<\/strong><\/p><p>De fleste finder det vigtigt, at g\u00f8re noget ekstra ud af specielle m\u00e6rkedage. En fejring der g\u00f8r indtryk og bliver husket.<\/p><p>Man \u00f8nsker at arrangementet bliver unikt og uforglemmeligt. En fantastisk og enest\u00e5ende dag, hvor den personlige s\u00e6rlige begivenhed bliver mindev\u00e6rdig.<\/p><p><strong>Unikav\u00e6rker<\/strong><\/p><p>Unikke kunstv\u00e6rker er popul\u00e6re til specielle m\u00e6rkedage, som en gl\u00e6desfyldt vigtig markering af en milep\u00e6l fx som jubil\u00e6umsgaver, receptionsgaver, firmagaver til forretningsforbindelser, \u00e5bningsreception, personale f\u00f8dselsdage, afskedsreception, gave til samarbejdspartnere og andre markeringer.<\/p><p>En anderledes og flot gave, der skiller sig ud, og som er personlig og n\u00f8je udvalgt, g\u00f8r, den s\u00e6rlige begivenhed, som oftest kun forekommer f\u00e5 gange i l\u00f8bet af tilv\u00e6relsen, ekstraordin\u00e6r.<\/p><p>Et originalt maleri bygger altid p\u00e5 en god fort\u00e6lling, da der er en historie bag ethvert kunstv\u00e6rk.<\/p>\t\t\t\t\t\t\t\t<\/div>\n\t\t\t\t<\/div>\n\t\t\t\t\t<\/div>\n\t\t<\/div>\n\t\t\t\t\t<\/div>\n\t\t<\/section>\n\t\t\t\t<section class=\"elementor-section elementor-top-section elementor-element elementor-element-792b6a7 elementor-section-content-middle elementor-section-boxed elementor-section-height-default elementor-section-height-default\" data-id=\"792b6a7\" data-element_type=\"section\" data-settings=\"{&quot;background_background&quot;:&quot;classic&quot;}\">\n\t\t\t\t\t\t<div class=\"elementor-container elementor-column-gap-no\">\n\t\t\t\t\t<div class=\"elementor-column elementor-col-100 elementor-top-column elementor-element elementor-element-1c83c8e\" data-id=\"1c83c8e\" data-element_type=\"column\">\n\t\t\t<div class=\"elementor-widget-wrap elementor-element-populated\">\n\t\t\t\t\t\t<div class=\"elementor-element elementor-element-8c8f5bd elementor-widget elementor-widget-heading\" data-id=\"8c8f5bd\" data-element_type=\"widget\" data-widget_type=\"heading.default\">\n\t\t\t\t<div class=\"elementor-widget-container\">\n\t\t\t\t\t<h4 class=\"elementor-heading-title elementor-size-default\">Tilmeld nyhedsbrev her<\/h4>\t\t\t\t<\/div>\n\t\t\t\t<\/div>\n\t\t\t\t<div class=\"elementor-element elementor-element-f070dac elementor-button-align-stretch elementor-widget elementor-widget-form\" data-id=\"f070dac\" data-element_type=\"widget\" data-settings=\"{&quot;step_next_label&quot;:&quot;Next&quot;,&quot;step_previous_label&quot;:&quot;Previous&quot;,&quot;button_width&quot;:&quot;100&quot;,&quot;step_type&quot;:&quot;number_text&quot;,&quot;step_icon_shape&quot;:&quot;circle&quot;}\" data-widget_type=\"form.default\">\n\t\t\t\t<div class=\"elementor-widget-container\">\n\t\t\t\t\t\t\t<form class=\"elementor-form\" method=\"post\" name=\"New Form\" aria-label=\"New Form\">\n\t\t\t<input type=\"hidden\" name=\"post_id\" value=\"277\"\/>\n\t\t\t<input type=\"hidden\" name=\"form_id\" value=\"f070dac\"\/>\n\t\t\t<input type=\"hidden\" name=\"referer_title\" value=\"\" \/>\n\n\t\t\t\n\t\t\t<div class=\"elementor-form-fields-wrapper elementor-labels-\">\n\t\t\t\t\t\t\t\t<div class=\"elementor-field-type-text elementor-field-group elementor-column elementor-field-group-field_cd5d67b elementor-col-50 elementor-field-required\">\n\t\t\t\t\t\t\t\t\t\t\t\t<label for=\"form-field-field_cd5d67b\" class=\"elementor-field-label elementor-screen-only\">\n\t\t\t\t\t\t\t\tNavn\t\t\t\t\t\t\t<\/label>\n\t\t\t\t\t\t\t\t\t\t\t\t\t\t<input size=\"1\" type=\"text\" name=\"form_fields[field_cd5d67b]\" id=\"form-field-field_cd5d67b\" class=\"elementor-field elementor-size-md  elementor-field-textual\" placeholder=\"Navn\" required=\"required\">\n\t\t\t\t\t\t\t\t\t\t\t<\/div>\n\t\t\t\t\t\t\t\t<div class=\"elementor-field-type-email elementor-field-group elementor-column elementor-field-group-email elementor-col-50 elementor-field-required\">\n\t\t\t\t\t\t\t\t\t\t\t\t<label for=\"form-field-email\" class=\"elementor-field-label elementor-screen-only\">\n\t\t\t\t\t\t\t\tEmail\t\t\t\t\t\t\t<\/label>\n\t\t\t\t\t\t\t\t\t\t\t\t\t\t<input size=\"1\" type=\"email\" name=\"form_fields[email]\" id=\"form-field-email\" class=\"elementor-field elementor-size-md  elementor-field-textual\" placeholder=\"Email\" required=\"required\">\n\t\t\t\t\t\t\t\t\t\t\t<\/div>\n\t\t\t\t\t\t\t\t<div class=\"elementor-field-group elementor-column elementor-field-type-submit elementor-col-100 e-form__buttons\">\n\t\t\t\t\t<button class=\"elementor-button elementor-size-md\" type=\"submit\">\n\t\t\t\t\t\t<span class=\"elementor-button-content-wrapper\">\n\t\t\t\t\t\t\t\t\t\t\t\t\t\t\t\t\t\t\t\t\t\t<span class=\"elementor-button-text\">Tilmeld<\/span>\n\t\t\t\t\t\t\t\t\t\t\t\t\t<\/span>\n\t\t\t\t\t<\/button>\n\t\t\t\t<\/div>\n\t\t\t<\/div>\n\t\t<\/form>\n\t\t\t\t\t\t<\/div>\n\t\t\t\t<\/div>\n\t\t\t\t\t<\/div>\n\t\t<\/div>\n\t\t\t\t\t<\/div>\n\t\t<\/section>\n\t\t\t\t<\/div>\n\t\t","protected":false},"excerpt":{"rendered":"<p>Kunst p\u00e5 arbejdspladsen Kunst p\u00e5 arbejdspladsen Spreder gl\u00e6de Fremmer kreativiteten \u00d8ger motivationen Skaber ny energi Giver god stemning Inspirerer ved l\u00f8sning af opgaver Udstr\u00e5ler overskud Skaber opm\u00e6rksomhed Endvidere styrker indretning med kunst virksomhedens branding overfor: kunder samarbejdspartnere leverand\u00f8rer organisationer medarbejderne Virksomheders k\u00f8b af kunst, op til kr. 34.400, kan straks tr\u00e6kkes fra i skat Kontakt [&hellip;]<\/p>\n","protected":false},"author":1,"featured_media":0,"parent":0,"menu_order":0,"comment_status":"closed","ping_status":"closed","template":"","meta":{"footnotes":""},"class_list":["post-277","page","type-page","status-publish","hentry"],"_links":{"self":[{"href":"https:\/\/christaskoett.dk\/index.php\/wp-json\/wp\/v2\/pages\/277","targetHints":{"allow":["GET"]}}],"collection":[{"href":"https:\/\/christaskoett.dk\/index.php\/wp-json\/wp\/v2\/pages"}],"about":[{"href":"https:\/\/christaskoett.dk\/index.php\/wp-json\/wp\/v2\/types\/page"}],"author":[{"embeddable":true,"href":"https:\/\/christaskoett.dk\/index.php\/wp-json\/wp\/v2\/users\/1"}],"replies":[{"embeddable":true,"href":"https:\/\/christaskoett.dk\/index.php\/wp-json\/wp\/v2\/comments?post=277"}],"version-history":[{"count":238,"href":"https:\/\/christaskoett.dk\/index.php\/wp-json\/wp\/v2\/pages\/277\/revisions"}],"predecessor-version":[{"id":2200,"href":"https:\/\/christaskoett.dk\/index.php\/wp-json\/wp\/v2\/pages\/277\/revisions\/2200"}],"wp:attachment":[{"href":"https:\/\/christaskoett.dk\/index.php\/wp-json\/wp\/v2\/media?parent=277"}],"curies":[{"name":"wp","href":"https:\/\/api.w.org\/{rel}","templated":true}]}}