{"id":291,"date":"2020-12-08T09:17:24","date_gmt":"2020-12-08T09:17:24","guid":{"rendered":"https:\/\/christaskoett.dk\/?page_id=291"},"modified":"2025-12-05T08:09:54","modified_gmt":"2025-12-05T08:09:54","slug":"om-christa","status":"publish","type":"page","link":"https:\/\/christaskoett.dk\/index.php\/om-christa\/","title":{"rendered":"Om Christa"},"content":{"rendered":"\t\t<div data-elementor-type=\"wp-page\" data-elementor-id=\"291\" class=\"elementor elementor-291\" data-elementor-post-type=\"page\">\n\t\t\t\t\t\t<section class=\"elementor-section elementor-top-section elementor-element elementor-element-eaaa79e elementor-section-full_width elementor-section-height-min-height elementor-section-items-stretch elementor-section-height-default\" data-id=\"eaaa79e\" data-element_type=\"section\" data-settings=\"{&quot;background_background&quot;:&quot;classic&quot;}\">\n\t\t\t\t\t\t<div class=\"elementor-container elementor-column-gap-default\">\n\t\t\t\t\t<div class=\"elementor-column elementor-col-100 elementor-top-column elementor-element elementor-element-2643076\" data-id=\"2643076\" data-element_type=\"column\">\n\t\t\t<div class=\"elementor-widget-wrap elementor-element-populated\">\n\t\t\t\t\t\t<section class=\"elementor-section elementor-inner-section elementor-element elementor-element-efbce04 elementor-section-boxed elementor-section-height-default elementor-section-height-default\" data-id=\"efbce04\" data-element_type=\"section\">\n\t\t\t\t\t\t<div class=\"elementor-container elementor-column-gap-default\">\n\t\t\t\t\t<div class=\"elementor-column elementor-col-50 elementor-inner-column elementor-element elementor-element-d9514cf\" data-id=\"d9514cf\" data-element_type=\"column\">\n\t\t\t<div class=\"elementor-widget-wrap elementor-element-populated\">\n\t\t\t\t\t\t<div class=\"elementor-element elementor-element-462d392 elementor-widget elementor-widget-text-editor\" data-id=\"462d392\" data-element_type=\"widget\" data-widget_type=\"text-editor.default\">\n\t\t\t\t<div class=\"elementor-widget-container\">\n\t\t\t\t\t\t\t\t\t<p>CHRISTA SK\u00d8TT<\/p><p><strong>F\u00e5 dit eget unikke kunstv\u00e6rk<\/strong><\/p><p>Jeg tilbyder at male dit helt eget unikke kunstv\u00e6rk, der spreder gl\u00e6de og v\u00e6kker opm\u00e6rksomhed, n\u00e5r du har g\u00e6ster og sammenkomster.<\/p><p><i>Mail fra kunde:<\/i><\/p><p><i>&#8220;Vi er meget glade for dit maleri, det giver os et lille smil p\u00e5 l\u00e6ben, hver gang vi g\u00e5r forbi det. <\/i><\/p><p><i>Det har f\u00e5et en plads i vores entr\u00e9, hvor det byder os og g\u00e6ster velkommen, som det f\u00f8rste, n\u00e5r man kommer ind i vores hjem&#8221;<\/i><\/p><p>F\u00e5 et unikt maleri til din v\u00e6g, med farver efter dine \u00f8nsker.<\/p><p><strong>Ring og f\u00e5 en snak \u2013 det er gratis at sp\u00f8rge\u00a0\u00a021 92 77 89<\/strong><\/p>\t\t\t\t\t\t\t\t<\/div>\n\t\t\t\t<\/div>\n\t\t\t\t\t<\/div>\n\t\t<\/div>\n\t\t\t\t<div class=\"elementor-column elementor-col-50 elementor-inner-column elementor-element elementor-element-5e3d23e\" data-id=\"5e3d23e\" data-element_type=\"column\">\n\t\t\t<div class=\"elementor-widget-wrap elementor-element-populated\">\n\t\t\t\t\t\t<div class=\"elementor-element elementor-element-a456128 elementor-widget elementor-widget-image\" data-id=\"a456128\" data-element_type=\"widget\" data-widget_type=\"image.default\">\n\t\t\t\t<div class=\"elementor-widget-container\">\n\t\t\t\t\t\t\t\t\t\t\t\t\t\t\t<img fetchpriority=\"high\" decoding=\"async\" width=\"800\" height=\"896\" src=\"https:\/\/christaskoett.dk\/wp-content\/uploads\/2021\/08\/IMG_20210807_090145__01-914x1024.jpg\" class=\"attachment-large size-large wp-image-986\" alt=\"\" srcset=\"https:\/\/christaskoett.dk\/wp-content\/uploads\/2021\/08\/IMG_20210807_090145__01-914x1024.jpg 914w, https:\/\/christaskoett.dk\/wp-content\/uploads\/2021\/08\/IMG_20210807_090145__01-268x300.jpg 268w, https:\/\/christaskoett.dk\/wp-content\/uploads\/2021\/08\/IMG_20210807_090145__01-768x861.jpg 768w, https:\/\/christaskoett.dk\/wp-content\/uploads\/2021\/08\/IMG_20210807_090145__01-1371x1536.jpg 1371w, https:\/\/christaskoett.dk\/wp-content\/uploads\/2021\/08\/IMG_20210807_090145__01.jpg 1425w\" sizes=\"(max-width: 800px) 100vw, 800px\" \/>\t\t\t\t\t\t\t\t\t\t\t\t\t\t\t<\/div>\n\t\t\t\t<\/div>\n\t\t\t\t\t<\/div>\n\t\t<\/div>\n\t\t\t\t\t<\/div>\n\t\t<\/section>\n\t\t\t\t<section class=\"elementor-section elementor-inner-section elementor-element elementor-element-eb9cec8 elementor-reverse-mobile elementor-section-boxed elementor-section-height-default elementor-section-height-default\" data-id=\"eb9cec8\" data-element_type=\"section\">\n\t\t\t\t\t\t<div class=\"elementor-container elementor-column-gap-default\">\n\t\t\t\t\t<div class=\"elementor-column elementor-col-50 elementor-inner-column elementor-element elementor-element-3f40d79\" data-id=\"3f40d79\" data-element_type=\"column\">\n\t\t\t<div class=\"elementor-widget-wrap elementor-element-populated\">\n\t\t\t\t\t\t<div class=\"elementor-element elementor-element-c30a7fd elementor-widget elementor-widget-image\" data-id=\"c30a7fd\" data-element_type=\"widget\" data-widget_type=\"image.default\">\n\t\t\t\t<div class=\"elementor-widget-container\">\n\t\t\t\t\t\t\t\t\t\t\t\t\t\t\t<img decoding=\"async\" width=\"634\" height=\"474\" src=\"https:\/\/christaskoett.dk\/wp-content\/uploads\/2021\/08\/7-V.png\" class=\"attachment-large size-large wp-image-980\" alt=\"\" srcset=\"https:\/\/christaskoett.dk\/wp-content\/uploads\/2021\/08\/7-V.png 634w, https:\/\/christaskoett.dk\/wp-content\/uploads\/2021\/08\/7-V-300x224.png 300w\" sizes=\"(max-width: 634px) 100vw, 634px\" \/>\t\t\t\t\t\t\t\t\t\t\t\t\t\t\t<\/div>\n\t\t\t\t<\/div>\n\t\t\t\t\t<\/div>\n\t\t<\/div>\n\t\t\t\t<div class=\"elementor-column elementor-col-50 elementor-inner-column elementor-element elementor-element-38748c2\" data-id=\"38748c2\" data-element_type=\"column\">\n\t\t\t<div class=\"elementor-widget-wrap elementor-element-populated\">\n\t\t\t\t\t\t<div class=\"elementor-element elementor-element-11c2778 elementor-widget elementor-widget-text-editor\" data-id=\"11c2778\" data-element_type=\"widget\" data-widget_type=\"text-editor.default\">\n\t\t\t\t<div class=\"elementor-widget-container\">\n\t\t\t\t\t\t\t\t\t<p>\u00a0<\/p><p><strong>Inspirationen<\/strong><\/p><p><em>Jeg bor langt ude p\u00e5 landet og har stor k\u00e6rlighed til naturen, derfor er det ofte naturen der inspirerer mig i mit arbejde. Farverne, lyde, dufte &#8211; sanseindtryk.<\/em><\/p><p><em>I naturen er der ikke noget der er &#8216;puttet i kasser&#8217;, ingen &#8216;orden&#8217; og &#8216;kontrol&#8217; &#8211; her kan man v\u00e6re sig selv og m\u00e6rke friheden &#8211; Dette tager jeg med i male-processen.<\/em><\/p><p><em>Mine malerier er mine tanker og f\u00f8lelser med farve p\u00e5.<\/em><\/p><p><em>Jeg har tegnet og malet hele mit liv. Det har altid v\u00e6ret min m\u00e5de at udtrykke mig p\u00e5.<\/em><\/p><p>\u00a0<\/p><p><strong>Farverne<\/strong><\/p><p><em>Jeg er en meget alsidig autodidakt kunstner. Jeg har ikke en bestemt stil, jeg g\u00f8r lige hvad jeg f\u00f8ler for og har lyst til i \u00f8jeblikket.\u00a0<\/em><\/p><p><em>Jeg bliver fuldst\u00e6ndig opslugt af den kreative proces og lever mig helt ind i farvernes verden.<\/em><\/p><p><em>Processen giver mig dyrebare \u00f8jeblikke af ren v\u00e6ren &#8211; bare at v\u00e6re tilstede lige nu og her.<\/em><\/p><p><em>Farver har en stor betydning for os mennesker.<\/em><\/p><p><em>B\u00e5de hum\u00f8r og f\u00f8lelser bliver p\u00e5virket af farverne omkring os, som derfor har afg\u00f8rende indflydelse p\u00e5 vores hverdag.<\/em><\/p><p><em> Faktisk ved man, at kunst har en positiv indvirkning p\u00e5 menneskers helbred og velbefindende.<\/em><\/p>\t\t\t\t\t\t\t\t<\/div>\n\t\t\t\t<\/div>\n\t\t\t\t\t<\/div>\n\t\t<\/div>\n\t\t\t\t\t<\/div>\n\t\t<\/section>\n\t\t\t\t<section class=\"elementor-section elementor-inner-section elementor-element elementor-element-e436cf5 elementor-reverse-mobile elementor-section-boxed elementor-section-height-default elementor-section-height-default\" data-id=\"e436cf5\" data-element_type=\"section\">\n\t\t\t\t\t\t<div class=\"elementor-container elementor-column-gap-default\">\n\t\t\t\t\t<div class=\"elementor-column elementor-col-50 elementor-inner-column elementor-element elementor-element-2395fa3\" data-id=\"2395fa3\" data-element_type=\"column\">\n\t\t\t<div class=\"elementor-widget-wrap elementor-element-populated\">\n\t\t\t\t\t\t<div class=\"elementor-element elementor-element-b98a3af elementor-widget elementor-widget-image\" data-id=\"b98a3af\" data-element_type=\"widget\" data-widget_type=\"image.default\">\n\t\t\t\t<div class=\"elementor-widget-container\">\n\t\t\t\t\t\t\t\t\t\t\t\t\t\t\t<img decoding=\"async\" width=\"545\" height=\"429\" src=\"https:\/\/christaskoett.dk\/wp-content\/uploads\/2021\/08\/2-V.png\" class=\"attachment-large size-large wp-image-979\" alt=\"\" srcset=\"https:\/\/christaskoett.dk\/wp-content\/uploads\/2021\/08\/2-V.png 545w, https:\/\/christaskoett.dk\/wp-content\/uploads\/2021\/08\/2-V-300x236.png 300w\" sizes=\"(max-width: 545px) 100vw, 545px\" \/>\t\t\t\t\t\t\t\t\t\t\t\t\t\t\t<\/div>\n\t\t\t\t<\/div>\n\t\t\t\t\t<\/div>\n\t\t<\/div>\n\t\t\t\t<div class=\"elementor-column elementor-col-50 elementor-inner-column elementor-element elementor-element-f77a74d\" data-id=\"f77a74d\" data-element_type=\"column\">\n\t\t\t<div class=\"elementor-widget-wrap elementor-element-populated\">\n\t\t\t\t\t\t<div class=\"elementor-element elementor-element-63c0aa5 elementor-widget elementor-widget-text-editor\" data-id=\"63c0aa5\" data-element_type=\"widget\" data-widget_type=\"text-editor.default\">\n\t\t\t\t<div class=\"elementor-widget-container\">\n\t\t\t\t\t\t\t\t\t<p><strong>Kom og se<\/strong><\/p><p><em>Du er altid velkommen til at bes\u00f8ge mig for at se mine malerier, bare du kontakter mig f\u00f8rst for at lave en aftale.<\/em><\/p><p><em>Du har ogs\u00e5 mulighed for at f\u00e5 malet p\u00e5 bestilling hos mig. Dvs. du bestemmer farverne, og jeg v\u00e6lger &#8216;udtrykket&#8217;.<\/em><\/p><p><em>Derudover kan du k\u00f8be <strong>gavekort<\/strong>, og jeg s\u00e6lger ogs\u00e5 <strong>kunstkort og plakater.<\/strong><\/em><\/p><p><em>Mine kort har multifunktioner og passer til enhver lejlighed. De er fine som takkekort, tillykke kort eller postkort. De har personlighed og er fine b\u00e5de til at vedl\u00e6gge en gave eller til en buket blomster. Bagefter kan de pynte p\u00e5 opslagstavlen eller puttes i en lille ramme, s\u00e5 man f\u00e5r et lille nyt design til sit hjem.<\/em><\/p><p><em><a href=\"mailto:christaskott@gmail.com\">christaskott@gmail.com<\/a>\u00a0&#8211; tlf. 21 92 77 89\u00a0<\/em><\/p>\t\t\t\t\t\t\t\t<\/div>\n\t\t\t\t<\/div>\n\t\t\t\t\t<\/div>\n\t\t<\/div>\n\t\t\t\t\t<\/div>\n\t\t<\/section>\n\t\t\t\t<section class=\"elementor-section elementor-inner-section elementor-element elementor-element-e0deaf4 elementor-section-boxed elementor-section-height-default elementor-section-height-default\" data-id=\"e0deaf4\" data-element_type=\"section\">\n\t\t\t\t\t\t<div class=\"elementor-container elementor-column-gap-default\">\n\t\t\t\t\t<div class=\"elementor-column elementor-col-50 elementor-inner-column elementor-element elementor-element-a8c04c8\" data-id=\"a8c04c8\" data-element_type=\"column\">\n\t\t\t<div class=\"elementor-widget-wrap elementor-element-populated\">\n\t\t\t\t\t\t<div class=\"elementor-element elementor-element-d6b8f74 elementor-widget elementor-widget-text-editor\" data-id=\"d6b8f74\" data-element_type=\"widget\" data-widget_type=\"text-editor.default\">\n\t\t\t\t<div class=\"elementor-widget-container\">\n\t\t\t\t\t\t\t\t\t<p>For tiden har jeg malerier udstillet hos <a href=\"https:\/\/www.askbozoneterapi.dk\/\" target=\"_blank\" rel=\"noopener\">Askbo Zoneterapi<\/a> n\u00e6r Langeskov.<\/p><p><strong>Fakta:<\/strong><\/p><p>Jeg er s\u00f8nderjyde, men bor p\u00e5 Fyn, i den lille idylliske landsby Sulkendrup, der ligger midt imellem Vindinge og Refsvindinge.<\/p><p><strong>Bonusinfo:<\/strong><\/p><p>Jeg g\u00f8r hvad jeg kan, for at p<span style=\"color: var( --e-global-color-text ); font-family: var( --e-global-typography-text-font-family ), Sans-serif; font-weight: var( --e-global-typography-text-font-weight ); font-size: 1rem;\">asse godt p\u00e5 Moder Jord.\u00a0 <\/span><\/p><p><span style=\"color: var( --e-global-color-text ); font-family: var( --e-global-typography-text-font-family ), Sans-serif; font-weight: var( --e-global-typography-text-font-weight ); font-size: 1rem;\">Jeg lever som flexitar, begr\u00e6nser mit forbrug s\u00e5 meget som muligt (ved at sp\u00f8rge mig selv ved hvert k\u00f8b &#8211; Er det her egentlig noget, jeg ikke kan leve uden?), sparer p\u00e5 el og vand, cykler i stedet for at k\u00f8re bil, samler affald p\u00e5 g\u00e5ture mm.<\/span><\/p>\t\t\t\t\t\t\t\t<\/div>\n\t\t\t\t<\/div>\n\t\t\t\t\t<\/div>\n\t\t<\/div>\n\t\t\t\t<div class=\"elementor-column elementor-col-50 elementor-inner-column elementor-element elementor-element-57e131b\" data-id=\"57e131b\" data-element_type=\"column\">\n\t\t\t<div class=\"elementor-widget-wrap elementor-element-populated\">\n\t\t\t\t\t\t<div class=\"elementor-element elementor-element-351376c elementor-widget elementor-widget-image\" data-id=\"351376c\" data-element_type=\"widget\" data-widget_type=\"image.default\">\n\t\t\t\t<div class=\"elementor-widget-container\">\n\t\t\t\t\t\t\t\t\t\t\t\t\t\t\t<img loading=\"lazy\" decoding=\"async\" width=\"800\" height=\"600\" src=\"https:\/\/christaskoett.dk\/wp-content\/uploads\/2020\/12\/1-1-1024x768.jpg\" class=\"attachment-large size-large wp-image-462\" alt=\"\" srcset=\"https:\/\/christaskoett.dk\/wp-content\/uploads\/2020\/12\/1-1-1024x768.jpg 1024w, https:\/\/christaskoett.dk\/wp-content\/uploads\/2020\/12\/1-1-300x225.jpg 300w, https:\/\/christaskoett.dk\/wp-content\/uploads\/2020\/12\/1-1-768x576.jpg 768w, https:\/\/christaskoett.dk\/wp-content\/uploads\/2020\/12\/1-1-1536x1152.jpg 1536w, https:\/\/christaskoett.dk\/wp-content\/uploads\/2020\/12\/1-1-2048x1536.jpg 2048w\" sizes=\"(max-width: 800px) 100vw, 800px\" \/>\t\t\t\t\t\t\t\t\t\t\t\t\t\t\t<\/div>\n\t\t\t\t<\/div>\n\t\t\t\t\t<\/div>\n\t\t<\/div>\n\t\t\t\t\t<\/div>\n\t\t<\/section>\n\t\t\t\t<section class=\"elementor-section elementor-inner-section elementor-element elementor-element-ca25deb elementor-section-boxed elementor-section-height-default elementor-section-height-default\" data-id=\"ca25deb\" data-element_type=\"section\">\n\t\t\t\t\t\t<div class=\"elementor-container elementor-column-gap-default\">\n\t\t\t\t\t<div class=\"elementor-column elementor-col-50 elementor-inner-column elementor-element elementor-element-7efac9d\" data-id=\"7efac9d\" data-element_type=\"column\">\n\t\t\t<div class=\"elementor-widget-wrap elementor-element-populated\">\n\t\t\t\t\t\t<div class=\"elementor-element elementor-element-84f8fa6 elementor-widget elementor-widget-text-editor\" data-id=\"84f8fa6\" data-element_type=\"widget\" data-widget_type=\"text-editor.default\">\n\t\t\t\t<div class=\"elementor-widget-container\">\n\t\t\t\t\t\t\t\t\t<p>Milj\u00f8 og b\u00e6redygtighed:<\/p><p>Mine malerier er lokalt producerede. Med hensyn til mit kunstneriske virke, bliver al maling brugt ned til sidste klat, intet bliver smidt v\u00e6k eller g\u00e5r til spilde. Ved forsendelser bruges genbrug, ogs\u00e5 til fyld.<\/p><p>Med andre ord, g\u00f8r jeg hvad jeg kan, for at v\u00e6re bevidst om FNs 17 verdensm\u00e5l, og hvilket klimaaftryk jeg s\u00e6tter.<\/p>\t\t\t\t\t\t\t\t<\/div>\n\t\t\t\t<\/div>\n\t\t\t\t\t<\/div>\n\t\t<\/div>\n\t\t\t\t<div class=\"elementor-column elementor-col-50 elementor-inner-column elementor-element elementor-element-592d374\" data-id=\"592d374\" data-element_type=\"column\">\n\t\t\t<div class=\"elementor-widget-wrap elementor-element-populated\">\n\t\t\t\t\t\t<div class=\"elementor-element elementor-element-8ac1ffa elementor-widget elementor-widget-image\" data-id=\"8ac1ffa\" data-element_type=\"widget\" data-widget_type=\"image.default\">\n\t\t\t\t<div class=\"elementor-widget-container\">\n\t\t\t\t\t\t\t\t\t\t\t\t\t\t\t<img loading=\"lazy\" decoding=\"async\" width=\"633\" height=\"475\" src=\"https:\/\/christaskoett.dk\/wp-content\/uploads\/2021\/08\/4-V.png\" class=\"attachment-large size-large wp-image-981\" alt=\"\" srcset=\"https:\/\/christaskoett.dk\/wp-content\/uploads\/2021\/08\/4-V.png 633w, https:\/\/christaskoett.dk\/wp-content\/uploads\/2021\/08\/4-V-300x225.png 300w\" sizes=\"(max-width: 633px) 100vw, 633px\" \/>\t\t\t\t\t\t\t\t\t\t\t\t\t\t\t<\/div>\n\t\t\t\t<\/div>\n\t\t\t\t\t<\/div>\n\t\t<\/div>\n\t\t\t\t\t<\/div>\n\t\t<\/section>\n\t\t\t\t<section class=\"elementor-section elementor-inner-section elementor-element elementor-element-9e621a8 elementor-section-boxed elementor-section-height-default elementor-section-height-default\" data-id=\"9e621a8\" data-element_type=\"section\">\n\t\t\t\t\t\t<div class=\"elementor-container elementor-column-gap-default\">\n\t\t\t\t\t<div class=\"elementor-column elementor-col-50 elementor-inner-column elementor-element elementor-element-2db3cdb\" data-id=\"2db3cdb\" data-element_type=\"column\">\n\t\t\t<div class=\"elementor-widget-wrap\">\n\t\t\t\t\t\t\t<\/div>\n\t\t<\/div>\n\t\t\t\t<div class=\"elementor-column elementor-col-50 elementor-inner-column elementor-element elementor-element-aab4c2a\" data-id=\"aab4c2a\" data-element_type=\"column\">\n\t\t\t<div class=\"elementor-widget-wrap\">\n\t\t\t\t\t\t\t<\/div>\n\t\t<\/div>\n\t\t\t\t\t<\/div>\n\t\t<\/section>\n\t\t\t\t\t<\/div>\n\t\t<\/div>\n\t\t\t\t\t<\/div>\n\t\t<\/section>\n\t\t\t\t<section class=\"elementor-section elementor-top-section elementor-element elementor-element-9042e94 elementor-section-content-middle elementor-section-boxed elementor-section-height-default elementor-section-height-default\" data-id=\"9042e94\" data-element_type=\"section\" data-settings=\"{&quot;background_background&quot;:&quot;classic&quot;}\">\n\t\t\t\t\t\t<div class=\"elementor-container elementor-column-gap-no\">\n\t\t\t\t\t<div class=\"elementor-column elementor-col-100 elementor-top-column elementor-element elementor-element-813bd0b\" data-id=\"813bd0b\" data-element_type=\"column\">\n\t\t\t<div class=\"elementor-widget-wrap elementor-element-populated\">\n\t\t\t\t\t\t<div class=\"elementor-element elementor-element-a2b78d6 elementor-widget elementor-widget-heading\" data-id=\"a2b78d6\" data-element_type=\"widget\" data-widget_type=\"heading.default\">\n\t\t\t\t<div class=\"elementor-widget-container\">\n\t\t\t\t\t<h4 class=\"elementor-heading-title elementor-size-default\">Tilmeld nyhedsbrev her<\/h4>\t\t\t\t<\/div>\n\t\t\t\t<\/div>\n\t\t\t\t<div class=\"elementor-element elementor-element-c277cbc elementor-button-align-stretch elementor-widget elementor-widget-form\" data-id=\"c277cbc\" data-element_type=\"widget\" data-settings=\"{&quot;step_next_label&quot;:&quot;Next&quot;,&quot;step_previous_label&quot;:&quot;Previous&quot;,&quot;button_width&quot;:&quot;100&quot;,&quot;step_type&quot;:&quot;number_text&quot;,&quot;step_icon_shape&quot;:&quot;circle&quot;}\" data-widget_type=\"form.default\">\n\t\t\t\t<div class=\"elementor-widget-container\">\n\t\t\t\t\t\t\t<form class=\"elementor-form\" method=\"post\" name=\"New Form\" aria-label=\"New Form\">\n\t\t\t<input type=\"hidden\" name=\"post_id\" value=\"291\"\/>\n\t\t\t<input type=\"hidden\" name=\"form_id\" value=\"c277cbc\"\/>\n\t\t\t<input type=\"hidden\" name=\"referer_title\" value=\"\" \/>\n\n\t\t\t\n\t\t\t<div class=\"elementor-form-fields-wrapper elementor-labels-\">\n\t\t\t\t\t\t\t\t<div class=\"elementor-field-type-text elementor-field-group elementor-column elementor-field-group-field_cd5d67b elementor-col-50 elementor-field-required\">\n\t\t\t\t\t\t\t\t\t\t\t\t<label for=\"form-field-field_cd5d67b\" class=\"elementor-field-label elementor-screen-only\">\n\t\t\t\t\t\t\t\tNavn\t\t\t\t\t\t\t<\/label>\n\t\t\t\t\t\t\t\t\t\t\t\t\t\t<input size=\"1\" type=\"text\" name=\"form_fields[field_cd5d67b]\" id=\"form-field-field_cd5d67b\" class=\"elementor-field elementor-size-md  elementor-field-textual\" placeholder=\"Navn\" required=\"required\">\n\t\t\t\t\t\t\t\t\t\t\t<\/div>\n\t\t\t\t\t\t\t\t<div class=\"elementor-field-type-email elementor-field-group elementor-column elementor-field-group-email elementor-col-50 elementor-field-required\">\n\t\t\t\t\t\t\t\t\t\t\t\t<label for=\"form-field-email\" class=\"elementor-field-label elementor-screen-only\">\n\t\t\t\t\t\t\t\tEmail\t\t\t\t\t\t\t<\/label>\n\t\t\t\t\t\t\t\t\t\t\t\t\t\t<input size=\"1\" type=\"email\" name=\"form_fields[email]\" id=\"form-field-email\" class=\"elementor-field elementor-size-md  elementor-field-textual\" placeholder=\"Email\" required=\"required\">\n\t\t\t\t\t\t\t\t\t\t\t<\/div>\n\t\t\t\t\t\t\t\t<div class=\"elementor-field-group elementor-column elementor-field-type-submit elementor-col-100 e-form__buttons\">\n\t\t\t\t\t<button class=\"elementor-button elementor-size-md\" type=\"submit\">\n\t\t\t\t\t\t<span class=\"elementor-button-content-wrapper\">\n\t\t\t\t\t\t\t\t\t\t\t\t\t\t\t\t\t\t\t\t\t\t<span class=\"elementor-button-text\">Tilmeld<\/span>\n\t\t\t\t\t\t\t\t\t\t\t\t\t<\/span>\n\t\t\t\t\t<\/button>\n\t\t\t\t<\/div>\n\t\t\t<\/div>\n\t\t<\/form>\n\t\t\t\t\t\t<\/div>\n\t\t\t\t<\/div>\n\t\t\t\t\t<\/div>\n\t\t<\/div>\n\t\t\t\t\t<\/div>\n\t\t<\/section>\n\t\t\t\t<\/div>\n\t\t","protected":false},"excerpt":{"rendered":"<p>CHRISTA SK\u00d8TT F\u00e5 dit eget unikke kunstv\u00e6rk Jeg tilbyder at male dit helt eget unikke kunstv\u00e6rk, der spreder gl\u00e6de og v\u00e6kker opm\u00e6rksomhed, n\u00e5r du har g\u00e6ster og sammenkomster. Mail fra kunde: &#8220;Vi er meget glade for dit maleri, det giver os et lille smil p\u00e5 l\u00e6ben, hver gang vi g\u00e5r forbi det. Det har f\u00e5et [&hellip;]<\/p>\n","protected":false},"author":1,"featured_media":0,"parent":0,"menu_order":0,"comment_status":"closed","ping_status":"closed","template":"","meta":{"footnotes":""},"class_list":["post-291","page","type-page","status-publish","hentry"],"_links":{"self":[{"href":"https:\/\/christaskoett.dk\/index.php\/wp-json\/wp\/v2\/pages\/291","targetHints":{"allow":["GET"]}}],"collection":[{"href":"https:\/\/christaskoett.dk\/index.php\/wp-json\/wp\/v2\/pages"}],"about":[{"href":"https:\/\/christaskoett.dk\/index.php\/wp-json\/wp\/v2\/types\/page"}],"author":[{"embeddable":true,"href":"https:\/\/christaskoett.dk\/index.php\/wp-json\/wp\/v2\/users\/1"}],"replies":[{"embeddable":true,"href":"https:\/\/christaskoett.dk\/index.php\/wp-json\/wp\/v2\/comments?post=291"}],"version-history":[{"count":310,"href":"https:\/\/christaskoett.dk\/index.php\/wp-json\/wp\/v2\/pages\/291\/revisions"}],"predecessor-version":[{"id":2196,"href":"https:\/\/christaskoett.dk\/index.php\/wp-json\/wp\/v2\/pages\/291\/revisions\/2196"}],"wp:attachment":[{"href":"https:\/\/christaskoett.dk\/index.php\/wp-json\/wp\/v2\/media?parent=291"}],"curies":[{"name":"wp","href":"https:\/\/api.w.org\/{rel}","templated":true}]}}